{"id":510,"date":"2022-04-26T13:48:43","date_gmt":"2022-04-26T11:48:43","guid":{"rendered":"https:\/\/www.ydeon.com\/?page_id=510"},"modified":"2022-10-10T13:02:32","modified_gmt":"2022-10-10T11:02:32","slug":"news-und-stories","status":"publish","type":"page","link":"https:\/\/www.ydeon.com\/de\/news-und-stories\/","title":{"rendered":"Nachrichten"},"content":{"rendered":"\t\t<div data-elementor-type=\"wp-page\" data-elementor-id=\"510\" class=\"elementor elementor-510 elementor-513\" data-elementor-post-type=\"page\">\n\t\t\t\t\t\t<section class=\"elementor-section elementor-top-section elementor-element elementor-element-231dde2 elementor-section-full_width elementor-section-stretched elementor-section-height-default elementor-section-height-default\" data-id=\"231dde2\" data-element_type=\"section\" data-e-type=\"section\" data-settings=\"{&quot;stretch_section&quot;:&quot;section-stretched&quot;}\">\n\t\t\t\t\t\t<div class=\"elementor-container elementor-column-gap-no\">\n\t\t\t\t\t<div class=\"elementor-column elementor-col-100 elementor-top-column elementor-element elementor-element-774d437\" data-id=\"774d437\" data-element_type=\"column\" data-e-type=\"column\">\n\t\t\t<div class=\"elementor-widget-wrap elementor-element-populated\">\n\t\t\t\t\t\t<div class=\"elementor-element elementor-element-219e98e elementor-widget elementor-widget-image\" data-id=\"219e98e\" data-element_type=\"widget\" data-e-type=\"widget\" data-widget_type=\"image.default\">\n\t\t\t\t<div class=\"elementor-widget-container\">\n\t\t\t\t\t\t\t\t\t\t\t\t\t\t\t<img fetchpriority=\"high\" decoding=\"async\" width=\"1905\" height=\"460\" src=\"https:\/\/www.ydeon.com\/wp-content\/uploads\/2022\/05\/1905x460px_NewsPress_Banner-1.jpg\" class=\"attachment-full size-full wp-image-945\" alt=\"\" srcset=\"https:\/\/www.ydeon.com\/wp-content\/uploads\/2022\/05\/1905x460px_NewsPress_Banner-1.jpg 1905w, https:\/\/www.ydeon.com\/wp-content\/uploads\/2022\/05\/1905x460px_NewsPress_Banner-1-300x72.jpg 300w, https:\/\/www.ydeon.com\/wp-content\/uploads\/2022\/05\/1905x460px_NewsPress_Banner-1-1024x247.jpg 1024w, https:\/\/www.ydeon.com\/wp-content\/uploads\/2022\/05\/1905x460px_NewsPress_Banner-1-768x185.jpg 768w, https:\/\/www.ydeon.com\/wp-content\/uploads\/2022\/05\/1905x460px_NewsPress_Banner-1-1536x371.jpg 1536w\" sizes=\"(max-width: 1905px) 100vw, 1905px\" \/>\t\t\t\t\t\t\t\t\t\t\t\t\t\t\t<\/div>\n\t\t\t\t<\/div>\n\t\t\t\t\t<\/div>\n\t\t<\/div>\n\t\t\t\t\t<\/div>\n\t\t<\/section>\n\t\t\t\t<section class=\"elementor-section elementor-top-section elementor-element elementor-element-c2a74a5 elementor-section-boxed elementor-section-height-default elementor-section-height-default\" data-id=\"c2a74a5\" data-element_type=\"section\" data-e-type=\"section\" data-settings=\"{&quot;background_background&quot;:&quot;classic&quot;}\">\n\t\t\t\t\t\t<div class=\"elementor-container elementor-column-gap-default\">\n\t\t\t\t\t<div class=\"elementor-column elementor-col-100 elementor-top-column elementor-element elementor-element-91f1705\" data-id=\"91f1705\" data-element_type=\"column\" data-e-type=\"column\">\n\t\t\t<div class=\"elementor-widget-wrap elementor-element-populated\">\n\t\t\t\t\t\t<div class=\"elementor-element elementor-element-212b90e elementor-widget elementor-widget-breadcrumbs\" data-id=\"212b90e\" data-element_type=\"widget\" data-e-type=\"widget\" data-widget_type=\"breadcrumbs.default\">\n\t\t\t\t<div class=\"elementor-widget-container\">\n\t\t\t\t\t<p id=\"breadcrumbs\"><span><span><a href=\"https:\/\/www.ydeon.com\/de\/\">Startseite<\/a><\/span><\/span><\/p>\t\t\t\t<\/div>\n\t\t\t\t<\/div>\n\t\t\t\t\t<\/div>\n\t\t<\/div>\n\t\t\t\t\t<\/div>\n\t\t<\/section>\n\t\t\t\t<section class=\"elementor-section elementor-top-section elementor-element elementor-element-037324a elementor-section-boxed elementor-section-height-default elementor-section-height-default\" data-id=\"037324a\" data-element_type=\"section\" data-e-type=\"section\">\n\t\t\t\t\t\t<div class=\"elementor-container elementor-column-gap-default\">\n\t\t\t\t\t<div class=\"elementor-column elementor-col-33 elementor-top-column elementor-element elementor-element-91f58fc elementor-hidden-tablet elementor-hidden-mobile\" data-id=\"91f58fc\" data-element_type=\"column\" data-e-type=\"column\">\n\t\t\t<div class=\"elementor-widget-wrap elementor-element-populated\">\n\t\t\t\t\t\t<div class=\"elementor-element elementor-element-14df1a4 elementor-nav-menu--dropdown-tablet elementor-nav-menu__text-align-aside elementor-nav-menu--toggle elementor-nav-menu--burger elementor-widget elementor-widget-nav-menu\" data-id=\"14df1a4\" data-element_type=\"widget\" data-e-type=\"widget\" data-settings=\"{&quot;layout&quot;:&quot;vertical&quot;,&quot;submenu_icon&quot;:{&quot;value&quot;:&quot;&lt;i class=\\&quot;fas fa-caret-down\\&quot; aria-hidden=\\&quot;true\\&quot;&gt;&lt;\\\/i&gt;&quot;,&quot;library&quot;:&quot;fa-solid&quot;},&quot;toggle&quot;:&quot;burger&quot;}\" data-widget_type=\"nav-menu.default\">\n\t\t\t\t<div class=\"elementor-widget-container\">\n\t\t\t\t\t\t\t\t<nav aria-label=\"Men\u00fc\" class=\"elementor-nav-menu--main elementor-nav-menu__container elementor-nav-menu--layout-vertical e--pointer-none\">\n\t\t\t\t<ul id=\"menu-1-14df1a4\" class=\"elementor-nav-menu sm-vertical\"><li class=\"menu-item menu-item-type-post_type menu-item-object-page menu-item-889\"><a href=\"https:\/\/www.ydeon.com\/de\/news-und-stories\/\" class=\"elementor-item\">News &#038; Stories<\/a><\/li>\n<li class=\"menu-item menu-item-type-post_type menu-item-object-page menu-item-679\"><a href=\"https:\/\/www.ydeon.com\/de\/pressematerial\/\" class=\"elementor-item\">Pressematerial<\/a><\/li>\n<li class=\"menu-item menu-item-type-post_type menu-item-object-page menu-item-680\"><a href=\"https:\/\/www.ydeon.com\/de\/kontakt\/\" class=\"elementor-item\">Kontakt<\/a><\/li>\n<\/ul>\t\t\t<\/nav>\n\t\t\t\t\t<div class=\"elementor-menu-toggle\" role=\"button\" tabindex=\"0\" aria-label=\"Men\u00fc Umschalter\" aria-expanded=\"false\">\n\t\t\t<i aria-hidden=\"true\" role=\"presentation\" class=\"elementor-menu-toggle__icon--open eicon-menu-bar\"><\/i><i aria-hidden=\"true\" role=\"presentation\" class=\"elementor-menu-toggle__icon--close eicon-close\"><\/i>\t\t<\/div>\n\t\t\t\t\t<nav class=\"elementor-nav-menu--dropdown elementor-nav-menu__container\" aria-hidden=\"true\">\n\t\t\t\t<ul id=\"menu-2-14df1a4\" class=\"elementor-nav-menu sm-vertical\"><li class=\"menu-item menu-item-type-post_type menu-item-object-page menu-item-889\"><a href=\"https:\/\/www.ydeon.com\/de\/news-und-stories\/\" class=\"elementor-item\" tabindex=\"-1\">News &#038; Stories<\/a><\/li>\n<li class=\"menu-item menu-item-type-post_type menu-item-object-page menu-item-679\"><a href=\"https:\/\/www.ydeon.com\/de\/pressematerial\/\" class=\"elementor-item\" tabindex=\"-1\">Pressematerial<\/a><\/li>\n<li class=\"menu-item menu-item-type-post_type menu-item-object-page menu-item-680\"><a href=\"https:\/\/www.ydeon.com\/de\/kontakt\/\" class=\"elementor-item\" tabindex=\"-1\">Kontakt<\/a><\/li>\n<\/ul>\t\t\t<\/nav>\n\t\t\t\t\t\t<\/div>\n\t\t\t\t<\/div>\n\t\t\t\t\t<\/div>\n\t\t<\/div>\n\t\t\t\t<div class=\"elementor-column elementor-col-66 elementor-top-column elementor-element elementor-element-abf0531\" data-id=\"abf0531\" data-element_type=\"column\" data-e-type=\"column\">\n\t\t\t<div class=\"elementor-widget-wrap elementor-element-populated\">\n\t\t\t\t\t\t<div class=\"elementor-element elementor-element-92bdccf elementor-grid-1 elementor-posts--thumbnail-none elementor-grid-tablet-2 elementor-grid-mobile-1 elementor-widget elementor-widget-posts\" data-id=\"92bdccf\" data-element_type=\"widget\" data-e-type=\"widget\" data-settings=\"{&quot;classic_columns&quot;:&quot;1&quot;,&quot;pagination_type&quot;:&quot;load_more_infinite_scroll&quot;,&quot;classic_columns_tablet&quot;:&quot;2&quot;,&quot;classic_columns_mobile&quot;:&quot;1&quot;,&quot;classic_row_gap&quot;:{&quot;unit&quot;:&quot;px&quot;,&quot;size&quot;:35,&quot;sizes&quot;:[]},&quot;classic_row_gap_tablet&quot;:{&quot;unit&quot;:&quot;px&quot;,&quot;size&quot;:&quot;&quot;,&quot;sizes&quot;:[]},&quot;classic_row_gap_mobile&quot;:{&quot;unit&quot;:&quot;px&quot;,&quot;size&quot;:&quot;&quot;,&quot;sizes&quot;:[]},&quot;load_more_spinner&quot;:{&quot;value&quot;:&quot;fas fa-spinner&quot;,&quot;library&quot;:&quot;fa-solid&quot;}}\" data-widget_type=\"posts.classic\">\n\t\t\t\t<div class=\"elementor-widget-container\">\n\t\t\t\t\t\t\t<div class=\"elementor-posts-container elementor-posts elementor-posts--skin-classic elementor-grid\" role=\"list\">\n\t\t\t\t<article class=\"elementor-post elementor-grid-item post-1389 news-stories type-news-stories status-publish hentry\" role=\"listitem\">\n\t\t\t\t<div class=\"elementor-post__text\">\n\t\t\t\t<h2 class=\"elementor-post__title\">\n\t\t\t<a href=\"https:\/\/www.ydeon.com\/de\/news-stories\/gaerten-des-jahres-23\/\" >\n\t\t\t\t\u201eG\u00e4rten des Jahres 2023\u201c: A\u2010Z GartenHaus erh\u00e4lt Auszeichnung f\u00fcr drei Produkte\t\t\t<\/a>\n\t\t<\/h2>\n\t\t\t\t<div class=\"elementor-post__meta-data\">\n\t\t\t\t\t<span class=\"elementor-post-date\">\n\t\t\t24. Februar 2023\t\t<\/span>\n\t\t\t\t<\/div>\n\t\t\n\t\t<a class=\"elementor-post__read-more\" href=\"https:\/\/www.ydeon.com\/de\/news-stories\/gaerten-des-jahres-23\/\" aria-label=\"Mehr \u00fcber \u201eG\u00e4rten des Jahres 2023\u201c: A\u2010Z GartenHaus erh\u00e4lt Auszeichnung f\u00fcr drei Produkte\" tabindex=\"-1\" >\n\t\t\tWeiterlesen \"\t\t<\/a>\n\n\t\t\t\t<\/div>\n\t\t\t\t<\/article>\n\t\t\t\t<article class=\"elementor-post elementor-grid-item post-1274 news-stories type-news-stories status-publish hentry\" role=\"listitem\">\n\t\t\t\t<div class=\"elementor-post__text\">\n\t\t\t\t<h2 class=\"elementor-post__title\">\n\t\t\t<a href=\"https:\/\/www.ydeon.com\/de\/news-stories\/gartenhaus-baut-mit-stefan-tobel-und-lucas-heilmann-management-aus\/\" >\n\t\t\t\tA-Z GartenHaus GmbH erweitert die Gesch\u00e4ftsf\u00fchrung mit Stefan Tobel (ehemals About You and-Etribes) und Lucas Heilmann\t\t\t<\/a>\n\t\t<\/h2>\n\t\t\t\t<div class=\"elementor-post__meta-data\">\n\t\t\t\t\t<span class=\"elementor-post-date\">\n\t\t\t24. November 2022\t\t<\/span>\n\t\t\t\t<\/div>\n\t\t\n\t\t<a class=\"elementor-post__read-more\" href=\"https:\/\/www.ydeon.com\/de\/news-stories\/gartenhaus-baut-mit-stefan-tobel-und-lucas-heilmann-management-aus\/\" aria-label=\"Mehr \u00fcber A-Z GartenHaus GmbH erweitert die Gesch\u00e4ftsf\u00fchrung mit Stefan Tobel (ehemals About You and-Etribes) und Lucas Heilmann\" tabindex=\"-1\" >\n\t\t\tWeiterlesen \"\t\t<\/a>\n\n\t\t\t\t<\/div>\n\t\t\t\t<\/article>\n\t\t\t\t<article class=\"elementor-post elementor-grid-item post-1259 news-stories type-news-stories status-publish hentry\" role=\"listitem\">\n\t\t\t\t<div class=\"elementor-post__text\">\n\t\t\t\t<h2 class=\"elementor-post__title\">\n\t\t\t<a href=\"https:\/\/www.ydeon.com\/de\/news-stories\/a-z-gartenhaus-gmbh-baut-mit-stefan-tobel-fruher-about-you-und-etribes-und-lucas-heilmann-management-aus\/\" >\n\t\t\t\tA-Z GartenHaus GmbH baut mit Stefan Tobel (fr\u00fcher About You und Etribes) und Lucas Heilmann Management aus\t\t\t<\/a>\n\t\t<\/h2>\n\t\t\t\t<div class=\"elementor-post__meta-data\">\n\t\t\t\t\t<span class=\"elementor-post-date\">\n\t\t\t24. November 2022\t\t<\/span>\n\t\t\t\t<\/div>\n\t\t\n\t\t<a class=\"elementor-post__read-more\" href=\"https:\/\/www.ydeon.com\/de\/news-stories\/a-z-gartenhaus-gmbh-baut-mit-stefan-tobel-fruher-about-you-und-etribes-und-lucas-heilmann-management-aus\/\" aria-label=\"Mehr \u00fcber A-Z GartenHaus GmbH baut mit Stefan Tobel (fr\u00fcher About You und Etribes) und Lucas Heilmann Management aus\" tabindex=\"-1\" >\n\t\t\tWeiterlesen \"\t\t<\/a>\n\n\t\t\t\t<\/div>\n\t\t\t\t<\/article>\n\t\t\t\t<article class=\"elementor-post elementor-grid-item post-1215 news-stories type-news-stories status-publish hentry\" role=\"listitem\">\n\t\t\t\t<div class=\"elementor-post__text\">\n\t\t\t\t<h2 class=\"elementor-post__title\">\n\t\t\t<a href=\"https:\/\/www.ydeon.com\/de\/news-stories\/integration_polhus_outdoortoys\/\" >\n\t\t\t\tYDEON-Gruppe: Schwedisches Polhus und britisches OutdoorToys nach \u00dcbernahme erfolgreich integriert\t\t\t<\/a>\n\t\t<\/h2>\n\t\t\t\t<div class=\"elementor-post__meta-data\">\n\t\t\t\t\t<span class=\"elementor-post-date\">\n\t\t\t17. November 2022\t\t<\/span>\n\t\t\t\t<\/div>\n\t\t\n\t\t<a class=\"elementor-post__read-more\" href=\"https:\/\/www.ydeon.com\/de\/news-stories\/integration_polhus_outdoortoys\/\" aria-label=\"Mehr \u00fcber YDEON-Gruppe: Schwedisches Polhus und britisches OutdoorToys nach \u00dcbernahme erfolgreich integriert\" tabindex=\"-1\" >\n\t\t\tWeiterlesen \"\t\t<\/a>\n\n\t\t\t\t<\/div>\n\t\t\t\t<\/article>\n\t\t\t\t<article class=\"elementor-post elementor-grid-item post-536 news-stories type-news-stories status-publish hentry\" role=\"listitem\">\n\t\t\t\t<div class=\"elementor-post__text\">\n\t\t\t\t<h2 class=\"elementor-post__title\">\n\t\t\t<a href=\"https:\/\/www.ydeon.com\/de\/news-stories\/newsbeitrag-1\/\" >\n\t\t\t\tYDEON-Gruppe verdoppelt Umsatz auf 100 Millionen Euro\t\t\t<\/a>\n\t\t<\/h2>\n\t\t\t\t<div class=\"elementor-post__meta-data\">\n\t\t\t\t\t<span class=\"elementor-post-date\">\n\t\t\t26. April 2022\t\t<\/span>\n\t\t\t\t<\/div>\n\t\t\n\t\t<a class=\"elementor-post__read-more\" href=\"https:\/\/www.ydeon.com\/de\/news-stories\/newsbeitrag-1\/\" aria-label=\"Mehr \u00fcber YDEON-Gruppe verdoppelt Umsatz auf 100 Millionen Euro\" tabindex=\"-1\" >\n\t\t\tWeiterlesen \"\t\t<\/a>\n\n\t\t\t\t<\/div>\n\t\t\t\t<\/article>\n\t\t\t\t<\/div>\n\t\t\t\t\t<span class=\"e-load-more-spinner\">\n\t\t\t\t<i aria-hidden=\"true\" class=\"fas fa-spinner\"><\/i>\t\t\t<\/span>\n\t\t\n\t\t\t\t\t\t<\/div>\n\t\t\t\t<\/div>\n\t\t\t\t\t<\/div>\n\t\t<\/div>\n\t\t\t\t\t<\/div>\n\t\t<\/section>\n\t\t\t\t<\/div>\n\t\t","protected":false},"excerpt":{"rendered":"","protected":false},"author":15,"featured_media":0,"parent":0,"menu_order":0,"comment_status":"closed","ping_status":"closed","template":"","meta":{"footnotes":""},"class_list":["post-510","page","type-page","status-publish","hentry"],"yoast_head":"<!-- This site is optimized with the Yoast SEO plugin v27.3 - https:\/\/yoast.com\/product\/yoast-seo-wordpress\/ -->\n<title>Nachrichten &amp; Pressmitteilungen | Ydeon Group<\/title>\n<meta name=\"description\" content=\"Erfahren Sie mehr \u00fcber uns in unseren News und Pressemitteilungen der Ydeon Group\" \/>\n<meta name=\"robots\" content=\"index, follow, max-snippet:-1, max-image-preview:large, max-video-preview:-1\" \/>\n<link rel=\"canonical\" href=\"https:\/\/www.ydeon.com\/de\/news-und-stories\/\" \/>\n<meta property=\"og:locale\" content=\"de_DE\" \/>\n<meta property=\"og:type\" content=\"article\" \/>\n<meta property=\"og:title\" content=\"Nachrichten &amp; Pressmitteilungen | Ydeon Group\" \/>\n<meta property=\"og:description\" content=\"Erfahren Sie mehr \u00fcber uns in unseren News und Pressemitteilungen der Ydeon Group\" \/>\n<meta property=\"og:url\" content=\"https:\/\/www.ydeon.com\/de\/news-und-stories\/\" \/>\n<meta property=\"og:site_name\" content=\"Ydeon\" \/>\n<meta property=\"article:modified_time\" content=\"2022-10-10T11:02:32+00:00\" \/>\n<meta property=\"og:image\" content=\"http:\/\/www.ydeon.com\/wp-content\/uploads\/2022\/05\/1905x460px_NewsPress_Banner-1.jpg\" \/>\n<meta name=\"twitter:card\" content=\"summary_large_image\" \/>\n<meta name=\"twitter:label1\" content=\"Gesch\u00e4tzte Lesezeit\" \/>\n\t<meta name=\"twitter:data1\" content=\"1\u00a0Minute\" \/>\n<script type=\"application\/ld+json\" class=\"yoast-schema-graph\">{\"@context\":\"https:\\\/\\\/schema.org\",\"@graph\":[{\"@type\":\"WebPage\",\"@id\":\"https:\\\/\\\/www.ydeon.com\\\/de\\\/news-und-stories\\\/\",\"url\":\"https:\\\/\\\/www.ydeon.com\\\/de\\\/news-und-stories\\\/\",\"name\":\"Nachrichten & Pressmitteilungen | Ydeon Group\",\"isPartOf\":{\"@id\":\"https:\\\/\\\/www.ydeon.com\\\/de\\\/#website\"},\"primaryImageOfPage\":{\"@id\":\"https:\\\/\\\/www.ydeon.com\\\/de\\\/news-und-stories\\\/#primaryimage\"},\"image\":{\"@id\":\"https:\\\/\\\/www.ydeon.com\\\/de\\\/news-und-stories\\\/#primaryimage\"},\"thumbnailUrl\":\"http:\\\/\\\/www.ydeon.com\\\/wp-content\\\/uploads\\\/2022\\\/05\\\/1905x460px_NewsPress_Banner-1.jpg\",\"datePublished\":\"2022-04-26T11:48:43+00:00\",\"dateModified\":\"2022-10-10T11:02:32+00:00\",\"description\":\"Erfahren Sie mehr \u00fcber uns in unseren News und Pressemitteilungen der Ydeon Group\",\"breadcrumb\":{\"@id\":\"https:\\\/\\\/www.ydeon.com\\\/de\\\/news-und-stories\\\/#breadcrumb\"},\"inLanguage\":\"de\",\"potentialAction\":[{\"@type\":\"ReadAction\",\"target\":[\"https:\\\/\\\/www.ydeon.com\\\/de\\\/news-und-stories\\\/\"]}]},{\"@type\":\"ImageObject\",\"inLanguage\":\"de\",\"@id\":\"https:\\\/\\\/www.ydeon.com\\\/de\\\/news-und-stories\\\/#primaryimage\",\"url\":\"http:\\\/\\\/www.ydeon.com\\\/wp-content\\\/uploads\\\/2022\\\/05\\\/1905x460px_NewsPress_Banner-1.jpg\",\"contentUrl\":\"http:\\\/\\\/www.ydeon.com\\\/wp-content\\\/uploads\\\/2022\\\/05\\\/1905x460px_NewsPress_Banner-1.jpg\"},{\"@type\":\"BreadcrumbList\",\"@id\":\"https:\\\/\\\/www.ydeon.com\\\/de\\\/news-und-stories\\\/#breadcrumb\",\"itemListElement\":[{\"@type\":\"ListItem\",\"position\":1,\"name\":\"Startseite\",\"item\":\"https:\\\/\\\/www.ydeon.com\\\/de\\\/\"},{\"@type\":\"ListItem\",\"position\":2,\"name\":\"Nachrichten\"}]},{\"@type\":\"WebSite\",\"@id\":\"https:\\\/\\\/www.ydeon.com\\\/de\\\/#website\",\"url\":\"https:\\\/\\\/www.ydeon.com\\\/de\\\/\",\"name\":\"Ydeon\",\"description\":\"\",\"publisher\":{\"@id\":\"https:\\\/\\\/www.ydeon.com\\\/de\\\/#organization\"},\"potentialAction\":[{\"@type\":\"SearchAction\",\"target\":{\"@type\":\"EntryPoint\",\"urlTemplate\":\"https:\\\/\\\/www.ydeon.com\\\/de\\\/?s={search_term_string}\"},\"query-input\":{\"@type\":\"PropertyValueSpecification\",\"valueRequired\":true,\"valueName\":\"search_term_string\"}}],\"inLanguage\":\"de\"},{\"@type\":\"Organization\",\"@id\":\"https:\\\/\\\/www.ydeon.com\\\/de\\\/#organization\",\"name\":\"Ydeon\",\"url\":\"https:\\\/\\\/www.ydeon.com\\\/de\\\/\",\"logo\":{\"@type\":\"ImageObject\",\"inLanguage\":\"de\",\"@id\":\"https:\\\/\\\/www.ydeon.com\\\/de\\\/#\\\/schema\\\/logo\\\/image\\\/\",\"url\":\"https:\\\/\\\/www.ydeon.com\\\/wp-content\\\/uploads\\\/2022\\\/03\\\/cropped-Ydeon_B_logo_Fur_Web_Site.png\",\"contentUrl\":\"https:\\\/\\\/www.ydeon.com\\\/wp-content\\\/uploads\\\/2022\\\/03\\\/cropped-Ydeon_B_logo_Fur_Web_Site.png\",\"width\":253,\"height\":76,\"caption\":\"Ydeon\"},\"image\":{\"@id\":\"https:\\\/\\\/www.ydeon.com\\\/de\\\/#\\\/schema\\\/logo\\\/image\\\/\"}}]}<\/script>\n<!-- \/ Yoast SEO plugin. -->","yoast_head_json":{"title":"Nachrichten & Pressmitteilungen | Ydeon Group","description":"Erfahren Sie mehr \u00fcber uns in unseren News und Pressemitteilungen der Ydeon Group","robots":{"index":"index","follow":"follow","max-snippet":"max-snippet:-1","max-image-preview":"max-image-preview:large","max-video-preview":"max-video-preview:-1"},"canonical":"https:\/\/www.ydeon.com\/de\/news-und-stories\/","og_locale":"de_DE","og_type":"article","og_title":"Nachrichten & Pressmitteilungen | Ydeon Group","og_description":"Erfahren Sie mehr \u00fcber uns in unseren News und Pressemitteilungen der Ydeon Group","og_url":"https:\/\/www.ydeon.com\/de\/news-und-stories\/","og_site_name":"Ydeon","article_modified_time":"2022-10-10T11:02:32+00:00","og_image":[{"url":"http:\/\/www.ydeon.com\/wp-content\/uploads\/2022\/05\/1905x460px_NewsPress_Banner-1.jpg","type":"","width":"","height":""}],"twitter_card":"summary_large_image","twitter_misc":{"Gesch\u00e4tzte Lesezeit":"1\u00a0Minute"},"schema":{"@context":"https:\/\/schema.org","@graph":[{"@type":"WebPage","@id":"https:\/\/www.ydeon.com\/de\/news-und-stories\/","url":"https:\/\/www.ydeon.com\/de\/news-und-stories\/","name":"Nachrichten & Pressmitteilungen | Ydeon Group","isPartOf":{"@id":"https:\/\/www.ydeon.com\/de\/#website"},"primaryImageOfPage":{"@id":"https:\/\/www.ydeon.com\/de\/news-und-stories\/#primaryimage"},"image":{"@id":"https:\/\/www.ydeon.com\/de\/news-und-stories\/#primaryimage"},"thumbnailUrl":"http:\/\/www.ydeon.com\/wp-content\/uploads\/2022\/05\/1905x460px_NewsPress_Banner-1.jpg","datePublished":"2022-04-26T11:48:43+00:00","dateModified":"2022-10-10T11:02:32+00:00","description":"Erfahren Sie mehr \u00fcber uns in unseren News und Pressemitteilungen der Ydeon Group","breadcrumb":{"@id":"https:\/\/www.ydeon.com\/de\/news-und-stories\/#breadcrumb"},"inLanguage":"de","potentialAction":[{"@type":"ReadAction","target":["https:\/\/www.ydeon.com\/de\/news-und-stories\/"]}]},{"@type":"ImageObject","inLanguage":"de","@id":"https:\/\/www.ydeon.com\/de\/news-und-stories\/#primaryimage","url":"http:\/\/www.ydeon.com\/wp-content\/uploads\/2022\/05\/1905x460px_NewsPress_Banner-1.jpg","contentUrl":"http:\/\/www.ydeon.com\/wp-content\/uploads\/2022\/05\/1905x460px_NewsPress_Banner-1.jpg"},{"@type":"BreadcrumbList","@id":"https:\/\/www.ydeon.com\/de\/news-und-stories\/#breadcrumb","itemListElement":[{"@type":"ListItem","position":1,"name":"Startseite","item":"https:\/\/www.ydeon.com\/de\/"},{"@type":"ListItem","position":2,"name":"Nachrichten"}]},{"@type":"WebSite","@id":"https:\/\/www.ydeon.com\/de\/#website","url":"https:\/\/www.ydeon.com\/de\/","name":"Ydeon","description":"","publisher":{"@id":"https:\/\/www.ydeon.com\/de\/#organization"},"potentialAction":[{"@type":"SearchAction","target":{"@type":"EntryPoint","urlTemplate":"https:\/\/www.ydeon.com\/de\/?s={search_term_string}"},"query-input":{"@type":"PropertyValueSpecification","valueRequired":true,"valueName":"search_term_string"}}],"inLanguage":"de"},{"@type":"Organization","@id":"https:\/\/www.ydeon.com\/de\/#organization","name":"Ydeon","url":"https:\/\/www.ydeon.com\/de\/","logo":{"@type":"ImageObject","inLanguage":"de","@id":"https:\/\/www.ydeon.com\/de\/#\/schema\/logo\/image\/","url":"https:\/\/www.ydeon.com\/wp-content\/uploads\/2022\/03\/cropped-Ydeon_B_logo_Fur_Web_Site.png","contentUrl":"https:\/\/www.ydeon.com\/wp-content\/uploads\/2022\/03\/cropped-Ydeon_B_logo_Fur_Web_Site.png","width":253,"height":76,"caption":"Ydeon"},"image":{"@id":"https:\/\/www.ydeon.com\/de\/#\/schema\/logo\/image\/"}}]}},"jetpack_sharing_enabled":true,"_links":{"self":[{"href":"https:\/\/www.ydeon.com\/de\/wp-json\/wp\/v2\/pages\/510","targetHints":{"allow":["GET"]}}],"collection":[{"href":"https:\/\/www.ydeon.com\/de\/wp-json\/wp\/v2\/pages"}],"about":[{"href":"https:\/\/www.ydeon.com\/de\/wp-json\/wp\/v2\/types\/page"}],"author":[{"embeddable":true,"href":"https:\/\/www.ydeon.com\/de\/wp-json\/wp\/v2\/users\/15"}],"replies":[{"embeddable":true,"href":"https:\/\/www.ydeon.com\/de\/wp-json\/wp\/v2\/comments?post=510"}],"version-history":[{"count":35,"href":"https:\/\/www.ydeon.com\/de\/wp-json\/wp\/v2\/pages\/510\/revisions"}],"predecessor-version":[{"id":1258,"href":"https:\/\/www.ydeon.com\/de\/wp-json\/wp\/v2\/pages\/510\/revisions\/1258"}],"wp:attachment":[{"href":"https:\/\/www.ydeon.com\/de\/wp-json\/wp\/v2\/media?parent=510"}],"curies":[{"name":"wp","href":"https:\/\/api.w.org\/{rel}","templated":true}]}}